{"id":9354,"date":"2021-10-22T16:59:52","date_gmt":"2021-10-22T13:59:52","guid":{"rendered":"https:\/\/petrasvaitiekunas.com\/petras-vaitiekunas-2\/"},"modified":"2024-01-05T12:31:19","modified_gmt":"2024-01-05T10:31:19","slug":"petras-vaitiekunas-2","status":"publish","type":"page","link":"https:\/\/petrasvaitiekunas.com\/en\/","title":{"rendered":"Petras Vaitiek\u016bnas"},"content":{"rendered":"\t\t<div data-elementor-type=\"wp-page\" data-elementor-id=\"9354\" class=\"elementor elementor-9354 elementor-6673\">\n\t\t\t\t\t\t<section class=\"wd-negative-gap elementor-section elementor-top-section elementor-element elementor-element-3d9d2abe wd-section-stretch_row_content elementor-section-boxed elementor-section-height-default elementor-section-height-default\" data-id=\"3d9d2abe\" data-element_type=\"section\" data-e-type=\"section\">\n\t\t\t\t\t\t<div class=\"elementor-container elementor-column-gap-no\">\n\t\t\t\t\t<div class=\"elementor-column elementor-col-100 elementor-top-column elementor-element elementor-element-b80e6b\" data-id=\"b80e6b\" data-element_type=\"column\" data-e-type=\"column\">\n\t\t\t<div class=\"elementor-widget-wrap\">\n\t\t\t\t\t\t\t<\/div>\n\t\t<\/div>\n\t\t\t\t\t<\/div>\n\t\t<\/section>\n\t\t\t\t<section class=\"wd-negative-gap elementor-section elementor-top-section elementor-element elementor-element-2f87a24b wd-section-stretch-content elementor-section-boxed elementor-section-height-default elementor-section-height-default\" data-id=\"2f87a24b\" data-element_type=\"section\" data-e-type=\"section\">\n\t\t\t\t\t\t<div class=\"elementor-container elementor-column-gap-default\">\n\t\t\t\t\t<div class=\"elementor-column elementor-col-33 elementor-top-column elementor-element elementor-element-1d28e475\" data-id=\"1d28e475\" data-element_type=\"column\" data-e-type=\"column\">\n\t\t\t<div class=\"elementor-widget-wrap elementor-element-populated\">\n\t\t\t\t\t\t<div class=\"elementor-element elementor-element-5904eaf1 elementor-widget elementor-widget-image\" data-id=\"5904eaf1\" data-element_type=\"widget\" data-e-type=\"widget\" data-widget_type=\"image.default\">\n\t\t\t\t<div class=\"elementor-widget-container\">\n\t\t\t\t\t\t\t\t\t\t\t\t\t\t\t\t<a href=\"https:\/\/petrasvaitiekunas.com\/en\/pictures-category\/paintings\/\">\n\t\t\t\t\t\t\t<img fetchpriority=\"high\" decoding=\"async\" width=\"768\" height=\"605\" src=\"https:\/\/petrasvaitiekunas.com\/wp-content\/uploads\/2023\/04\/petras-vaitiekunas-072-768x605.webp\" class=\"attachment-medium_large size-medium_large wp-image-8933\" alt=\"Ten m\u016bs\u0173 laukia trys\" srcset=\"https:\/\/petrasvaitiekunas.com\/wp-content\/uploads\/2023\/04\/petras-vaitiekunas-072-768x605.webp 768w, https:\/\/petrasvaitiekunas.com\/wp-content\/uploads\/2023\/04\/petras-vaitiekunas-072-381x300.webp 381w, https:\/\/petrasvaitiekunas.com\/wp-content\/uploads\/2023\/04\/petras-vaitiekunas-072-1016x800.webp 1016w, https:\/\/petrasvaitiekunas.com\/wp-content\/uploads\/2023\/04\/petras-vaitiekunas-072-1536x1210.webp 1536w, https:\/\/petrasvaitiekunas.com\/wp-content\/uploads\/2023\/04\/petras-vaitiekunas-072-860x677.webp 860w, https:\/\/petrasvaitiekunas.com\/wp-content\/uploads\/2023\/04\/petras-vaitiekunas-072-430x339.webp 430w, https:\/\/petrasvaitiekunas.com\/wp-content\/uploads\/2023\/04\/petras-vaitiekunas-072-700x551.webp 700w, https:\/\/petrasvaitiekunas.com\/wp-content\/uploads\/2023\/04\/petras-vaitiekunas-072-150x118.webp 150w, https:\/\/petrasvaitiekunas.com\/wp-content\/uploads\/2023\/04\/petras-vaitiekunas-072.webp 1920w\" sizes=\"(max-width: 768px) 100vw, 768px\" \/>\t\t\t\t\t\t\t\t<\/a>\n\t\t\t\t\t\t\t\t\t\t\t\t\t\t\t<\/div>\n\t\t\t\t<\/div>\n\t\t\t\t<div class=\"elementor-element elementor-element-7dcc7f41 elementor-widget elementor-widget-wd_infobox\" data-id=\"7dcc7f41\" data-element_type=\"widget\" data-e-type=\"widget\" data-widget_type=\"wd_infobox.default\">\n\t\t\t\t<div class=\"elementor-widget-container\">\n\t\t\t\t\t\t\t<div class=\"info-box-wrapper\">\n\t\t\t<div class=\"wd-info-box text-left box-icon-align-top box-style-base color-scheme- with-btn box-btn-static\" onclick=\"window.location.href='https:\/\/petrasvaitiekunas.com\/en\/pictures-category\/paintings\/'\">\n\t\t\t\t\n\t\t\t\t<div class=\"info-box-content\">\n\t\t\t\t\t\n\t\t\t\t\t\t\t\t\t\t\t<h4\t\t\t\t\t\tclass=\"info-box-title title box-title-style-default wd-fontsize-m\" data-elementor-setting-key=\"title\">\n\t\t\t\t\t\t\t\tIt's waiting for us there 3\t\t\t\t\t\t<\/h4>\n\t\t\t\t\t\n\t\t\t\t\t<div class=\"info-box-inner set-cont-mb-s reset-last-child\"\n\t\t\t\t\t\t data-elementor-setting-key=\"content\">\n\t\t\t\t\t\t\t\t\t\t\t<\/div>\n\t\n\t\t\t\t\t\t\t\t\t\t\t<div class=\"info-btn-wrapper\">\n\t\t\t\t\t\t\t\t\t<div class=\"wd-button-wrapper text-left\" >\n\t\t\t<a class=\"btn btn-style-link btn-style- btn-size-default btn-color-primary btn-icon-pos-right\"  href=\"https:\/\/petrasvaitiekunas.com\/en\/pictures-category\/paintings\/\">\n\t\t\t\t<span class=\"wd-btn-text\" data-elementor-setting-key=\"text\">\n\t\t\t\t\tView picture\t\t\t\t<\/span>\n\n\t\t\t\t\t\t\t<\/a>\n\t\t<\/div>\n\t\t\t\t\t\t\t\t<\/div>\n\t\t\t\t\t\t\t\t\t<\/div>\n\t\t\t<\/div>\n\t\t<\/div>\n\t\t\t\t\t\t<\/div>\n\t\t\t\t<\/div>\n\t\t\t\t\t<\/div>\n\t\t<\/div>\n\t\t\t\t<div class=\"elementor-column elementor-col-33 elementor-top-column elementor-element elementor-element-309cc2d7\" data-id=\"309cc2d7\" data-element_type=\"column\" data-e-type=\"column\">\n\t\t\t<div class=\"elementor-widget-wrap elementor-element-populated\">\n\t\t\t\t\t\t<div class=\"elementor-element elementor-element-5d852f9d elementor-widget elementor-widget-image\" data-id=\"5d852f9d\" data-element_type=\"widget\" data-e-type=\"widget\" data-widget_type=\"image.default\">\n\t\t\t\t<div class=\"elementor-widget-container\">\n\t\t\t\t\t\t\t\t\t\t\t\t\t\t\t\t<a href=\"https:\/\/petrasvaitiekunas.com\/en\/pictures-category\/paintings\/\">\n\t\t\t\t\t\t\t<img decoding=\"async\" width=\"646\" height=\"800\" src=\"https:\/\/petrasvaitiekunas.com\/wp-content\/uploads\/2023\/04\/petras-vaitiekunas-055-646x800.webp\" class=\"attachment-large size-large wp-image-8935\" alt=\"Truputi vilties\" srcset=\"https:\/\/petrasvaitiekunas.com\/wp-content\/uploads\/2023\/04\/petras-vaitiekunas-055-646x800.webp 646w, https:\/\/petrasvaitiekunas.com\/wp-content\/uploads\/2023\/04\/petras-vaitiekunas-055-242x300.webp 242w, https:\/\/petrasvaitiekunas.com\/wp-content\/uploads\/2023\/04\/petras-vaitiekunas-055-768x951.webp 768w, https:\/\/petrasvaitiekunas.com\/wp-content\/uploads\/2023\/04\/petras-vaitiekunas-055-1241x1536.webp 1241w, https:\/\/petrasvaitiekunas.com\/wp-content\/uploads\/2023\/04\/petras-vaitiekunas-055-1654x2048.webp 1654w, https:\/\/petrasvaitiekunas.com\/wp-content\/uploads\/2023\/04\/petras-vaitiekunas-055-860x1065.webp 860w, https:\/\/petrasvaitiekunas.com\/wp-content\/uploads\/2023\/04\/petras-vaitiekunas-055-430x532.webp 430w, https:\/\/petrasvaitiekunas.com\/wp-content\/uploads\/2023\/04\/petras-vaitiekunas-055-700x867.webp 700w, https:\/\/petrasvaitiekunas.com\/wp-content\/uploads\/2023\/04\/petras-vaitiekunas-055-150x186.webp 150w, https:\/\/petrasvaitiekunas.com\/wp-content\/uploads\/2023\/04\/petras-vaitiekunas-055.webp 1920w\" sizes=\"(max-width: 646px) 100vw, 646px\" \/>\t\t\t\t\t\t\t\t<\/a>\n\t\t\t\t\t\t\t\t\t\t\t\t\t\t\t<\/div>\n\t\t\t\t<\/div>\n\t\t\t\t<div class=\"elementor-element elementor-element-7a7e6e73 elementor-widget elementor-widget-wd_infobox\" data-id=\"7a7e6e73\" data-element_type=\"widget\" data-e-type=\"widget\" data-widget_type=\"wd_infobox.default\">\n\t\t\t\t<div class=\"elementor-widget-container\">\n\t\t\t\t\t\t\t<div class=\"info-box-wrapper\">\n\t\t\t<div class=\"wd-info-box text-left box-icon-align-top box-style-base color-scheme- with-btn box-btn-static\" onclick=\"window.location.href='https:\/\/petrasvaitiekunas.com\/en\/pictures-category\/paintings\/'\">\n\t\t\t\t\n\t\t\t\t<div class=\"info-box-content\">\n\t\t\t\t\t\n\t\t\t\t\t\t\t\t\t\t\t<h4\t\t\t\t\t\tclass=\"info-box-title title box-title-style-default wd-fontsize-m\" data-elementor-setting-key=\"title\">\n\t\t\t\t\t\t\t\tA little bit of hope\t\t\t\t\t\t<\/h4>\n\t\t\t\t\t\n\t\t\t\t\t<div class=\"info-box-inner set-cont-mb-s reset-last-child\"\n\t\t\t\t\t\t data-elementor-setting-key=\"content\">\n\t\t\t\t\t\t\t\t\t\t\t<\/div>\n\t\n\t\t\t\t\t\t\t\t\t\t\t<div class=\"info-btn-wrapper\">\n\t\t\t\t\t\t\t\t\t<div class=\"wd-button-wrapper text-left\" >\n\t\t\t<a class=\"btn btn-style-link btn-style- btn-size-default btn-color-primary btn-icon-pos-right\"  href=\"https:\/\/petrasvaitiekunas.com\/en\/pictures-category\/paintings\/\">\n\t\t\t\t<span class=\"wd-btn-text\" data-elementor-setting-key=\"text\">\n\t\t\t\t\tView picture\t\t\t\t<\/span>\n\n\t\t\t\t\t\t\t<\/a>\n\t\t<\/div>\n\t\t\t\t\t\t\t\t<\/div>\n\t\t\t\t\t\t\t\t\t<\/div>\n\t\t\t<\/div>\n\t\t<\/div>\n\t\t\t\t\t\t<\/div>\n\t\t\t\t<\/div>\n\t\t\t\t\t<\/div>\n\t\t<\/div>\n\t\t\t\t<div class=\"elementor-column elementor-col-33 elementor-top-column elementor-element elementor-element-47785e82 elementor-hidden-tablet\" data-id=\"47785e82\" data-element_type=\"column\" data-e-type=\"column\">\n\t\t\t<div class=\"elementor-widget-wrap elementor-element-populated\">\n\t\t\t\t\t\t<div class=\"elementor-element elementor-element-670849b7 elementor-widget elementor-widget-image\" data-id=\"670849b7\" data-element_type=\"widget\" data-e-type=\"widget\" data-widget_type=\"image.default\">\n\t\t\t\t<div class=\"elementor-widget-container\">\n\t\t\t\t\t\t\t\t\t\t\t\t\t\t\t\t<a href=\"https:\/\/petrasvaitiekunas.com\/en\/pictures-category\/paintings\/\">\n\t\t\t\t\t\t\t<img decoding=\"async\" width=\"585\" height=\"800\" src=\"https:\/\/petrasvaitiekunas.com\/wp-content\/uploads\/2023\/04\/petras-vaitiekunas-064-585x800.webp\" class=\"attachment-large size-large wp-image-8937\" alt=\"T\u0117vas ir trys jo s\u016bn\u016bs\" srcset=\"https:\/\/petrasvaitiekunas.com\/wp-content\/uploads\/2023\/04\/petras-vaitiekunas-064-585x800.webp 585w, https:\/\/petrasvaitiekunas.com\/wp-content\/uploads\/2023\/04\/petras-vaitiekunas-064-219x300.webp 219w, https:\/\/petrasvaitiekunas.com\/wp-content\/uploads\/2023\/04\/petras-vaitiekunas-064-768x1050.webp 768w, https:\/\/petrasvaitiekunas.com\/wp-content\/uploads\/2023\/04\/petras-vaitiekunas-064-1123x1536.webp 1123w, https:\/\/petrasvaitiekunas.com\/wp-content\/uploads\/2023\/04\/petras-vaitiekunas-064-1497x2048.webp 1497w, https:\/\/petrasvaitiekunas.com\/wp-content\/uploads\/2023\/04\/petras-vaitiekunas-064-860x1176.webp 860w, https:\/\/petrasvaitiekunas.com\/wp-content\/uploads\/2023\/04\/petras-vaitiekunas-064-430x588.webp 430w, https:\/\/petrasvaitiekunas.com\/wp-content\/uploads\/2023\/04\/petras-vaitiekunas-064-700x957.webp 700w, https:\/\/petrasvaitiekunas.com\/wp-content\/uploads\/2023\/04\/petras-vaitiekunas-064-150x205.webp 150w, https:\/\/petrasvaitiekunas.com\/wp-content\/uploads\/2023\/04\/petras-vaitiekunas-064-scaled.webp 1872w\" sizes=\"(max-width: 585px) 100vw, 585px\" \/>\t\t\t\t\t\t\t\t<\/a>\n\t\t\t\t\t\t\t\t\t\t\t\t\t\t\t<\/div>\n\t\t\t\t<\/div>\n\t\t\t\t<div class=\"elementor-element elementor-element-2fc87b45 elementor-widget elementor-widget-wd_infobox\" data-id=\"2fc87b45\" data-element_type=\"widget\" data-e-type=\"widget\" data-widget_type=\"wd_infobox.default\">\n\t\t\t\t<div class=\"elementor-widget-container\">\n\t\t\t\t\t\t\t<div class=\"info-box-wrapper\">\n\t\t\t<div class=\"wd-info-box text-left box-icon-align-top box-style-base color-scheme- with-btn box-btn-static\" onclick=\"window.location.href='https:\/\/petrasvaitiekunas.com\/en\/pictures-category\/paintings\/'\">\n\t\t\t\t\n\t\t\t\t<div class=\"info-box-content\">\n\t\t\t\t\t\n\t\t\t\t\t\t\t\t\t\t\t<h4\t\t\t\t\t\tclass=\"info-box-title title box-title-style-default wd-fontsize-m\" data-elementor-setting-key=\"title\">\n\t\t\t\t\t\t\t\tA father and his three sons\t\t\t\t\t\t<\/h4>\n\t\t\t\t\t\n\t\t\t\t\t<div class=\"info-box-inner set-cont-mb-s reset-last-child\"\n\t\t\t\t\t\t data-elementor-setting-key=\"content\">\n\t\t\t\t\t\t\t\t\t\t\t<\/div>\n\t\n\t\t\t\t\t\t\t\t\t\t\t<div class=\"info-btn-wrapper\">\n\t\t\t\t\t\t\t\t\t<div class=\"wd-button-wrapper text-left\" >\n\t\t\t<a class=\"btn btn-style-link btn-style- btn-size-default btn-color-primary btn-icon-pos-right\"  href=\"https:\/\/petrasvaitiekunas.com\/en\/pictures-category\/paintings\/\">\n\t\t\t\t<span class=\"wd-btn-text\" data-elementor-setting-key=\"text\">\n\t\t\t\t\tView picture\t\t\t\t<\/span>\n\n\t\t\t\t\t\t\t<\/a>\n\t\t<\/div>\n\t\t\t\t\t\t\t\t<\/div>\n\t\t\t\t\t\t\t\t\t<\/div>\n\t\t\t<\/div>\n\t\t<\/div>\n\t\t\t\t\t\t<\/div>\n\t\t\t\t<\/div>\n\t\t\t\t\t<\/div>\n\t\t<\/div>\n\t\t\t\t\t<\/div>\n\t\t<\/section>\n\t\t\t\t<\/div>\n\t\t","protected":false},"excerpt":{"rendered":"<p>It&#8217;s waiting for us there 3 View picture A little bit of hope View picture A father and his three<\/p>\n","protected":false},"author":1,"featured_media":0,"parent":0,"menu_order":0,"comment_status":"closed","ping_status":"closed","template":"","meta":{"footnotes":""},"class_list":["post-9354","page","type-page","status-publish","hentry"],"_links":{"self":[{"href":"https:\/\/petrasvaitiekunas.com\/en\/wp-json\/wp\/v2\/pages\/9354","targetHints":{"allow":["GET"]}}],"collection":[{"href":"https:\/\/petrasvaitiekunas.com\/en\/wp-json\/wp\/v2\/pages"}],"about":[{"href":"https:\/\/petrasvaitiekunas.com\/en\/wp-json\/wp\/v2\/types\/page"}],"author":[{"embeddable":true,"href":"https:\/\/petrasvaitiekunas.com\/en\/wp-json\/wp\/v2\/users\/1"}],"replies":[{"embeddable":true,"href":"https:\/\/petrasvaitiekunas.com\/en\/wp-json\/wp\/v2\/comments?post=9354"}],"version-history":[{"count":16,"href":"https:\/\/petrasvaitiekunas.com\/en\/wp-json\/wp\/v2\/pages\/9354\/revisions"}],"predecessor-version":[{"id":9906,"href":"https:\/\/petrasvaitiekunas.com\/en\/wp-json\/wp\/v2\/pages\/9354\/revisions\/9906"}],"wp:attachment":[{"href":"https:\/\/petrasvaitiekunas.com\/en\/wp-json\/wp\/v2\/media?parent=9354"}],"curies":[{"name":"wp","href":"https:\/\/api.w.org\/{rel}","templated":true}]}}